{"id":1469,"date":"2025-02-13T22:26:17","date_gmt":"2025-02-13T21:26:17","guid":{"rendered":"https:\/\/www.madelspain.com\/?page_id=1469"},"modified":"2025-02-14T00:18:36","modified_gmt":"2025-02-13T23:18:36","slug":"formas-de-pago","status":"publish","type":"page","link":"https:\/\/www.madelspain.com\/en\/formas-de-pago\/","title":{"rendered":"Payment methods"},"content":{"rendered":"<h2 class=\"wp-block-heading\"><strong>Payment methods<\/strong><\/h2>\n\n\n\n<p>En<em> M\u00e1del Spain<\/em> todos los pagos se realizan de manera 100% segura. Adem\u00e1s, te ofrecemos m\u00faltiples opciones para pagar tu compra. Puedes utilizar como medio de pago PayPal, Bizum y las tarjetas Visa y Mastercard.&nbsp;<br><br><\/p>","protected":false},"excerpt":{"rendered":"<p>Formas de pago En M\u00e1del Spain todos los pagos se realizan de manera 100% segura. Adem\u00e1s, te ofrecemos m\u00faltiples opciones para pagar tu compra. Puedes utilizar como medio de pago PayPal, Bizum y las tarjetas Visa y Mastercard.&nbsp;<\/p>","protected":false},"author":1,"featured_media":0,"parent":0,"menu_order":0,"comment_status":"closed","ping_status":"closed","template":"","meta":{"_acf_changed":false,"_breakdance_hide_in_design_set":false,"_breakdance_tags":"","footnotes":""},"class_list":["post-1469","page","type-page","status-publish","hentry"],"acf":[],"_links":{"self":[{"href":"https:\/\/www.madelspain.com\/en\/wp-json\/wp\/v2\/pages\/1469","targetHints":{"allow":["GET"]}}],"collection":[{"href":"https:\/\/www.madelspain.com\/en\/wp-json\/wp\/v2\/pages"}],"about":[{"href":"https:\/\/www.madelspain.com\/en\/wp-json\/wp\/v2\/types\/page"}],"author":[{"embeddable":true,"href":"https:\/\/www.madelspain.com\/en\/wp-json\/wp\/v2\/users\/1"}],"replies":[{"embeddable":true,"href":"https:\/\/www.madelspain.com\/en\/wp-json\/wp\/v2\/comments?post=1469"}],"version-history":[{"count":3,"href":"https:\/\/www.madelspain.com\/en\/wp-json\/wp\/v2\/pages\/1469\/revisions"}],"predecessor-version":[{"id":1483,"href":"https:\/\/www.madelspain.com\/en\/wp-json\/wp\/v2\/pages\/1469\/revisions\/1483"}],"wp:attachment":[{"href":"https:\/\/www.madelspain.com\/en\/wp-json\/wp\/v2\/media?parent=1469"}],"curies":[{"name":"wp","href":"https:\/\/api.w.org\/{rel}","templated":true}]}}