{"id":52,"date":"2024-11-28T16:54:05","date_gmt":"2024-11-28T15:54:05","guid":{"rendered":"https:\/\/www.madelspain.com\/contact\/"},"modified":"2025-09-11T10:02:58","modified_gmt":"2025-09-11T08:02:58","slug":"contacto","status":"publish","type":"page","link":"https:\/\/www.madelspain.com\/en\/contacto\/","title":{"rendered":"Contact"},"content":{"rendered":"<section class=\"bde-section-52-265 bde-section\">\n  \n  \n\t\n\n\n\n<div class=\"section-container\"><div class=\"bde-columns-52-270 bde-columns\"><div class=\"bde-column-52-271 bde-column\">\n  \n  \n\t\n\n\n\n<h2 class=\"bde-heading-52-267 bde-heading\">\n\u00a1Hola!\n<\/h2><div class=\"bde-text-52-268 bde-text\">\n\u00bfTienes dudas? Puedes utilizar el siguiente formulario para ponerte en contacto con nosotros.<br><br>Tambi\u00e9n puedes contactarnos en los siguientes medios:\n<\/div><div class=\"bde-icon-list-52-273 bde-icon-list\">\n<ul>\n  \n              \n    <li>\n                      \n            \n            \n\n    \n    \n    \n    \n    \n    <a class=\"breakdance-link bde-icon-list__item-wrapper\" href=\"mailto:hola@madelspain.com\" target=\"_self\" data-type=\"url\"  >\n\n      \n      <span class='bde-icon-list__icon'>\n        <svg xmlns=\"http:\/\/www.w3.org\/2000\/svg\" id=\"icon-mail\" viewBox=\"0 0 32 32\">\n<path d=\"M26.666 0h-21.332c-2.934 0-5.334 2.4-5.334 5.333v21.333c0 2.934 2.4 5.334 5.334 5.334h21.332c2.936 0 5.334-2.4 5.334-5.334v-21.333c0-2.934-2.398-5.333-5.334-5.333zM8 8h16c0.286 0 0.563 0.061 0.817 0.177l-8.817 10.286-8.817-10.287c0.254-0.116 0.531-0.177 0.817-0.177zM6 22v-12c0-0.042 0.002-0.084 0.004-0.125l5.864 6.842-5.8 5.8c-0.045-0.167-0.069-0.34-0.069-0.517zM24 24h-16c-0.177 0-0.35-0.024-0.517-0.069l5.691-5.691 2.826 3.297 2.826-3.297 5.691 5.691c-0.167 0.045-0.34 0.069-0.517 0.069zM26 22c0 0.177-0.024 0.35-0.069 0.517l-5.8-5.8 5.864-6.842c0.003 0.041 0.004 0.083 0.004 0.125v12z\"\/>\n<\/svg>\n      <\/span>\n      <span class='bde-icon-list__text' >\n      hola@madelspain.com\n      <\/span>\n                  <\/a>\n\n      \n    <\/li>\n\n  \n              \n    <li>\n                      \n            \n            \n\n    \n    \n    \n    \n    \n    <a class=\"breakdance-link bde-icon-list__item-wrapper\" href=\"https:\/\/instagram.com\/madelspain\" target=\"_self\" data-type=\"url\" rel=\"noopener\">\n\n      \n      <span class='bde-icon-list__icon'>\n        <svg xmlns=\"http:\/\/www.w3.org\/2000\/svg\" viewBox=\"0 0 448 512\"><!--! Font Awesome Free 6.5.1 by @fontawesome - https:\/\/fontawesome.com License - https:\/\/fontawesome.com\/license\/free (Icons: CC BY 4.0, Fonts: SIL OFL 1.1, Code: MIT License) Copyright 2023 Fonticons, Inc. --><path d=\"M194.4 211.7a53.3 53.3 0 1 0 59.3 88.7 53.3 53.3 0 1 0 -59.3-88.7zm142.3-68.4c-5.2-5.2-11.5-9.3-18.4-12c-18.1-7.1-57.6-6.8-83.1-6.5c-4.1 0-7.9 .1-11.2 .1c-3.3 0-7.2 0-11.4-.1c-25.5-.3-64.8-.7-82.9 6.5c-6.9 2.7-13.1 6.8-18.4 12s-9.3 11.5-12 18.4c-7.1 18.1-6.7 57.7-6.5 83.2c0 4.1 .1 7.9 .1 11.1s0 7-.1 11.1c-.2 25.5-.6 65.1 6.5 83.2c2.7 6.9 6.8 13.1 12 18.4s11.5 9.3 18.4 12c18.1 7.1 57.6 6.8 83.1 6.5c4.1 0 7.9-.1 11.2-.1c3.3 0 7.2 0 11.4 .1c25.5 .3 64.8 .7 82.9-6.5c6.9-2.7 13.1-6.8 18.4-12s9.3-11.5 12-18.4c7.2-18 6.8-57.4 6.5-83c0-4.2-.1-8.1-.1-11.4s0-7.1 .1-11.4c.3-25.5 .7-64.9-6.5-83l0 0c-2.7-6.9-6.8-13.1-12-18.4zm-67.1 44.5A82 82 0 1 1 178.4 324.2a82 82 0 1 1 91.1-136.4zm29.2-1.3c-3.1-2.1-5.6-5.1-7.1-8.6s-1.8-7.3-1.1-11.1s2.6-7.1 5.2-9.8s6.1-4.5 9.8-5.2s7.6-.4 11.1 1.1s6.5 3.9 8.6 7s3.2 6.8 3.2 10.6c0 2.5-.5 5-1.4 7.3s-2.4 4.4-4.1 6.2s-3.9 3.2-6.2 4.2s-4.8 1.5-7.3 1.5l0 0c-3.8 0-7.5-1.1-10.6-3.2zM448 96c0-35.3-28.7-64-64-64H64C28.7 32 0 60.7 0 96V416c0 35.3 28.7 64 64 64H384c35.3 0 64-28.7 64-64V96zM357 389c-18.7 18.7-41.4 24.6-67 25.9c-26.4 1.5-105.6 1.5-132 0c-25.6-1.3-48.3-7.2-67-25.9s-24.6-41.4-25.8-67c-1.5-26.4-1.5-105.6 0-132c1.3-25.6 7.1-48.3 25.8-67s41.5-24.6 67-25.8c26.4-1.5 105.6-1.5 132 0c25.6 1.3 48.3 7.1 67 25.8s24.6 41.4 25.8 67c1.5 26.3 1.5 105.4 0 131.9c-1.3 25.6-7.1 48.3-25.8 67z\"\/><\/svg>\n      <\/span>\n      <span class='bde-icon-list__text' >\n      @madelspain\n      <\/span>\n                  <\/a>\n\n      \n    <\/li>\n\n  \n              \n    <li>\n                      \n            \n            \n\n    \n    \n    \n    \n    \n    <a class=\"breakdance-link bde-icon-list__item-wrapper\" href=\"https:\/\/wa.me\/+34639439984\" target=\"_self\" data-type=\"url\" rel=\"noopener\">\n\n      \n      <span class='bde-icon-list__icon'>\n        <svg xmlns=\"http:\/\/www.w3.org\/2000\/svg\" viewBox=\"0 0 448 512\"><!--! Font Awesome Free 6.5.1 by @fontawesome - https:\/\/fontawesome.com License - https:\/\/fontawesome.com\/license\/free (Icons: CC BY 4.0, Fonts: SIL OFL 1.1, Code: MIT License) Copyright 2023 Fonticons, Inc. --><path d=\"M92.1 254.6c0 24.9 7 49.2 20.2 70.1l3.1 5-13.3 48.6L152 365.2l4.8 2.9c20.2 12 43.4 18.4 67.1 18.4h.1c72.6 0 133.3-59.1 133.3-131.8c0-35.2-15.2-68.3-40.1-93.2c-25-25-58-38.7-93.2-38.7c-72.7 0-131.8 59.1-131.9 131.8zM274.8 330c-12.6 1.9-22.4 .9-47.5-9.9c-36.8-15.9-61.8-51.5-66.9-58.7c-.4-.6-.7-.9-.8-1.1c-2-2.6-16.2-21.5-16.2-41c0-18.4 9-27.9 13.2-32.3c.3-.3 .5-.5 .7-.8c3.6-4 7.9-5 10.6-5c2.6 0 5.3 0 7.6 .1c.3 0 .5 0 .8 0c2.3 0 5.2 0 8.1 6.8c1.2 2.9 3 7.3 4.9 11.8c3.3 8 6.7 16.3 7.3 17.6c1 2 1.7 4.3 .3 6.9c-3.4 6.8-6.9 10.4-9.3 13c-3.1 3.2-4.5 4.7-2.3 8.6c15.3 26.3 30.6 35.4 53.9 47.1c4 2 6.3 1.7 8.6-1c2.3-2.6 9.9-11.6 12.5-15.5c2.6-4 5.3-3.3 8.9-2s23.1 10.9 27.1 12.9c.8 .4 1.5 .7 2.1 1c2.8 1.4 4.7 2.3 5.5 3.6c.9 1.9 .9 9.9-2.4 19.1c-3.3 9.3-19.1 17.7-26.7 18.8zM448 96c0-35.3-28.7-64-64-64H64C28.7 32 0 60.7 0 96V416c0 35.3 28.7 64 64 64H384c35.3 0 64-28.7 64-64V96zM148.1 393.9L64 416l22.5-82.2c-13.9-24-21.2-51.3-21.2-79.3C65.4 167.1 136.5 96 223.9 96c42.4 0 82.2 16.5 112.2 46.5c29.9 30 47.9 69.8 47.9 112.2c0 87.4-72.7 158.5-160.1 158.5c-26.6 0-52.7-6.7-75.8-19.3z\"\/><\/svg>\n      <\/span>\n      <span class='bde-icon-list__text' >\n      +34 639 43 99 84\n      <\/span>\n                  <\/a>\n\n      \n    <\/li>\n\n  <\/ul>\n\n<\/div>\n<\/div><div class=\"bde-column-52-272 bde-column\">\n  \n  \n\t\n\n\n\n<div class=\"bde-form-builder-52-269 bde-form-builder\">\n\n\n<form id=\"contacto-madel269\" class=\"breakdance-form breakdance-form--vertical\" data-options=\"{&quot;slug&quot;:&quot;custom&quot;,&quot;name&quot;:&quot;Contacto madel&quot;,&quot;ajaxUrl&quot;:&quot;https:\\\/\\\/www.madelspain.com\\\/wp-admin\\\/admin-ajax.php&quot;,&quot;clearOnSuccess&quot;:true,&quot;hideOnSuccess&quot;:false,&quot;successMessage&quot;:&quot;\\u00a1Tu mensaje se ha enviado correctamente!&quot;,&quot;errorMessage&quot;:&quot;Algo ha ido mal, no se ha podido enviar el mensaje.&quot;,&quot;redirect&quot;:false,&quot;redirectUrl&quot;:&quot;&quot;,&quot;customJavaScript&quot;:&quot;&quot;,&quot;recaptcha&quot;:{&quot;key&quot;:&quot;&quot;,&quot;enabled&quot;:false},&quot;honeypot_enabled&quot;:true,&quot;popupsOnSuccess&quot;:[],&quot;popupsOnError&quot;:[]}\" data-steps=\"0\" >\n  \n  \n  \n<div class=\"breakdance-form-field breakdance-form-field--text\" >\n    \n    \n            <label class=\"breakdance-form-field__label\" for=\"nombre\">\n            Nombre<span class=\"breakdance-form-field__required\">*<\/span>\n        <\/label>\n    \n    <input\n    class=\"breakdance-form-field__input\"\n    id=\"nombre\"\n    aria-describedby=\"nombre\"\n    type=\"text\"\n    name=\"fields[nombre]\"\n    placeholder=\"Nombre *\"\n    value=\"\"\n                \n        \n        \n    required\n    \n    \n>\n\n\n    \n    \n<\/div>\n\n\n<div class=\"breakdance-form-field breakdance-form-field--tel\" >\n    \n    \n            <label class=\"breakdance-form-field__label\" for=\"movil\">\n            Tel\u00e9fono m\u00f3vil\n        <\/label>\n    \n    <input\n    class=\"breakdance-form-field__input\"\n    id=\"movil\"\n    aria-describedby=\"movil\"\n    type=\"tel\"\n    name=\"fields[movil]\"\n    placeholder=\"Tel\u00e9fono m\u00f3vil\"\n    value=\"\"\n                \n        \n        \n    \n    \n    \n>\n\n\n    \n    \n<\/div>\n\n\n<div class=\"breakdance-form-field breakdance-form-field--email\" >\n    \n    \n            <label class=\"breakdance-form-field__label\" for=\"email\">\n            Email<span class=\"breakdance-form-field__required\">*<\/span>\n        <\/label>\n    \n    <input\n    class=\"breakdance-form-field__input\"\n    id=\"email\"\n    aria-describedby=\"email\"\n    type=\"email\"\n    name=\"fields[email]\"\n    placeholder=\"Email *\"\n    value=\"\"\n                \n        \n        \n    required\n    \n    \n>\n\n\n    \n    \n<\/div>\n\n\n<div class=\"breakdance-form-field breakdance-form-field--text\" >\n    \n    \n            <label class=\"breakdance-form-field__label\" for=\"numpedido\">\n            NumPedido\n        <\/label>\n    \n    <input\n    class=\"breakdance-form-field__input\"\n    id=\"numpedido\"\n    aria-describedby=\"numpedido\"\n    type=\"text\"\n    name=\"fields[numpedido]\"\n    placeholder=\"N\u00famero de pedido\"\n    value=\"\"\n                \n        \n        \n    \n    \n    \n>\n\n\n    \n    \n<\/div>\n\n\n<div class=\"breakdance-form-field breakdance-form-field--textarea\" >\n    \n    \n            <label class=\"breakdance-form-field__label\" for=\"mensaje\">\n            Mensaje<span class=\"breakdance-form-field__required\">*<\/span>\n        <\/label>\n    \n    <textarea\n    class=\"breakdance-form-field__input\"\n    id=\"mensaje\"\n    aria-describedby=\"mensaje\"\n    type=\"textarea\"\n    name=\"fields[mensaje]\"\n        rows=\"6\"\n        placeholder=\"Mensaje *\"\n    required\n    >\n<\/textarea>\n\n\n    \n    \n<\/div>\n\n\n<div class=\"breakdance-form-field breakdance-form-field--checkbox\" >\n    \n    \n    \n    <fieldset role=\"group\"\n    aria-label=\"Terminos\"\n    >\n       <legend class=\"breakdance-form-field__label\">Terminos<span class=\"breakdance-form-field__required\">*<\/span><\/legend>\n          <div class=\"breakdance-form-checkbox\">\n          <input\n              type=\"checkbox\"\n              name=\"fields[terminos]\"\n              value=\"He le\u00eddo y acepto los t\u00e9rminos y condiciones del servicio.\"\n              id=\"terminos-1\"\n              \n                        >\n          <label class=\"breakdance-form-checkbox__text\" for=\"terminos-1\">He le\u00eddo y acepto los t\u00e9rminos y condiciones del servicio.<\/label>\n      <\/div>\n  <\/fieldset>\n\n\n\n    \n    \n<\/div>\n\n\n<div class=\"breakdance-form-field breakdance-form-field--hpinput\" >\n    \n    \n            <label class=\"breakdance-form-field__label\" for=\"hpname\">\n            HP Name\n        <\/label>\n    \n    <input\n    class=\"breakdance-form-field__input\"\n    id=\"hpname\"\n    aria-describedby=\"hpname\"\n    type=\"hpinput\"\n    name=\"fields[hpname]\"\n    placeholder=\"\"\n    value=\"\"\n                \n        \n        \n    \n    autocomplete=\"off\"\n    tabindex=-1\n>\n\n\n    \n    \n<\/div>\n\n\n<div class=\"breakdance-form-field breakdance-form-field--hidden\" >\n    \n    \n    \n    <input\n    id=\"csrf-token-269\"\n    type=\"hidden\"\n    name=\"fields[csrfToken]\"\n    value=\"0cbe8b983d\"\n    >\n\n\n    \n    \n<\/div>\n\n\n  \n\n<div class=\"breakdance-form-field breakdance-form-footer\">\n    \n    \n                                    \n    \n    \n    \n    \n            \n            <button type=\"submit\" class=\"button-atom button-atom--primary breakdance-form-button breakdance-form-button__submit\"  >\n    \n        <span class=\"button-atom__text\">Enviar mensaje<\/span>\n\n        \n        \n            <\/button>\n    \n    <input type=\"hidden\" name=\"form_id\" value=\"269\">\n    <input type=\"hidden\" name=\"post_id\" value=\"52\">\n<\/div>\n\n  \n<\/form>\n\n\n\n<\/div>\n<\/div><\/div><\/div>\n<\/section>","protected":false},"excerpt":{"rendered":"<p>\u00a1Hola! \u00bfTienes dudas? Puedes utilizar el siguiente formulario para ponerte en contacto con nosotros.Tambi\u00e9n puedes contactarnos en los siguientes medios: hola@madelspain.com @madelspain +34 639 43 99 84 Nombre* Tel\u00e9fono m\u00f3vil Email* NumPedido Mensaje* Terminos* He le\u00eddo y acepto los t\u00e9rminos y condiciones del servicio. HP Name Enviar mensaje<\/p>","protected":false},"author":1,"featured_media":0,"parent":0,"menu_order":0,"comment_status":"closed","ping_status":"closed","template":"","meta":{"_acf_changed":false,"_breakdance_hide_in_design_set":false,"_breakdance_tags":"","footnotes":""},"class_list":["post-52","page","type-page","status-publish","hentry"],"acf":[],"_links":{"self":[{"href":"https:\/\/www.madelspain.com\/en\/wp-json\/wp\/v2\/pages\/52","targetHints":{"allow":["GET"]}}],"collection":[{"href":"https:\/\/www.madelspain.com\/en\/wp-json\/wp\/v2\/pages"}],"about":[{"href":"https:\/\/www.madelspain.com\/en\/wp-json\/wp\/v2\/types\/page"}],"author":[{"embeddable":true,"href":"https:\/\/www.madelspain.com\/en\/wp-json\/wp\/v2\/users\/1"}],"replies":[{"embeddable":true,"href":"https:\/\/www.madelspain.com\/en\/wp-json\/wp\/v2\/comments?post=52"}],"version-history":[{"count":10,"href":"https:\/\/www.madelspain.com\/en\/wp-json\/wp\/v2\/pages\/52\/revisions"}],"predecessor-version":[{"id":1741,"href":"https:\/\/www.madelspain.com\/en\/wp-json\/wp\/v2\/pages\/52\/revisions\/1741"}],"wp:attachment":[{"href":"https:\/\/www.madelspain.com\/en\/wp-json\/wp\/v2\/media?parent=52"}],"curies":[{"name":"wp","href":"https:\/\/api.w.org\/{rel}","templated":true}]}}