{"id":1038,"date":"2025-02-01T14:28:22","date_gmt":"2025-02-01T13:28:22","guid":{"rendered":"https:\/\/www.madelspain.com\/?post_type=product&#038;p=1038"},"modified":"2025-11-04T16:59:31","modified_gmt":"2025-11-04T15:59:31","slug":"pantalon-malmo","status":"publish","type":"product","link":"https:\/\/www.madelspain.com\/en\/product\/pantalon-malmo\/","title":{"rendered":"Pantal\u00f3n Malm\u00f6"},"content":{"rendered":"<p>Pantal\u00f3n Malm\u00f6 \u00b7 Talla \u00fanica. Da talla desde una 34 a una 40.<\/p>","protected":false},"excerpt":{"rendered":"<p>Pantal\u00f3n Malm\u00f6 \u00b7 Talla \u00fanica. Da talla desde una 34 a una 40.<\/p>","protected":false},"featured_media":1021,"template":"","meta":{"_acf_changed":false},"product_brand":[],"product_cat":[28,26,42,31,40,19],"product_tag":[],"class_list":{"0":"post-1038","1":"product","2":"type-product","3":"status-publish","4":"has-post-thumbnail","6":"product_cat-coleccion-casual","7":"product_cat-coleccion-invitada","8":"product_cat-conjuntos","9":"product_cat-conjuntos-y-trajes","10":"product_cat-pantalones-y-faldas","11":"product_cat-ropa","13":"first","14":"instock","15":"sale","16":"taxable","17":"shipping-taxable","18":"purchasable","19":"product-type-variable"},"acf":[],"_links":{"self":[{"href":"https:\/\/www.madelspain.com\/en\/wp-json\/wp\/v2\/product\/1038","targetHints":{"allow":["GET"]}}],"collection":[{"href":"https:\/\/www.madelspain.com\/en\/wp-json\/wp\/v2\/product"}],"about":[{"href":"https:\/\/www.madelspain.com\/en\/wp-json\/wp\/v2\/types\/product"}],"wp:featuredmedia":[{"embeddable":true,"href":"https:\/\/www.madelspain.com\/en\/wp-json\/wp\/v2\/media\/1021"}],"wp:attachment":[{"href":"https:\/\/www.madelspain.com\/en\/wp-json\/wp\/v2\/media?parent=1038"}],"wp:term":[{"taxonomy":"product_brand","embeddable":true,"href":"https:\/\/www.madelspain.com\/en\/wp-json\/wp\/v2\/product_brand?post=1038"},{"taxonomy":"product_cat","embeddable":true,"href":"https:\/\/www.madelspain.com\/en\/wp-json\/wp\/v2\/product_cat?post=1038"},{"taxonomy":"product_tag","embeddable":true,"href":"https:\/\/www.madelspain.com\/en\/wp-json\/wp\/v2\/product_tag?post=1038"}],"curies":[{"name":"wp","href":"https:\/\/api.w.org\/{rel}","templated":true}]}}