{"id":2273,"date":"2025-04-13T21:45:34","date_gmt":"2025-04-13T19:45:34","guid":{"rendered":"https:\/\/www.madelspain.com\/?post_type=product&#038;p=2273"},"modified":"2025-04-13T22:55:16","modified_gmt":"2025-04-13T20:55:16","slug":"cinturon-piel-debbie-%c2%b7-marron","status":"publish","type":"product","link":"https:\/\/www.madelspain.com\/en\/product\/cinturon-piel-debbie-%c2%b7-marron\/","title":{"rendered":"Cintur\u00f3n piel Debbie \u00b7 Marr\u00f3n"},"content":{"rendered":"<p>Cintur\u00f3n Debbie en color marr\u00f3n con tachuelas \u00b7 Fabricado en 100% piel \u00b7 Disponible en talla 85 y 90.<\/p>","protected":false},"excerpt":{"rendered":"<p>Cintur\u00f3n Debbie en color marr\u00f3n con tachuelas \u00b7 Fabricado en 100% piel \u00b7 Disponible en talla 85 y 90.<\/p>","protected":false},"featured_media":2277,"template":"","meta":{"_acf_changed":false},"product_brand":[],"product_cat":[45,20],"product_tag":[],"class_list":{"0":"post-2273","1":"product","2":"type-product","3":"status-publish","4":"has-post-thumbnail","6":"product_cat-cinturones","7":"product_cat-complementos","9":"first","10":"instock","11":"taxable","12":"shipping-taxable","13":"purchasable","14":"product-type-variable"},"acf":[],"_links":{"self":[{"href":"https:\/\/www.madelspain.com\/en\/wp-json\/wp\/v2\/product\/2273","targetHints":{"allow":["GET"]}}],"collection":[{"href":"https:\/\/www.madelspain.com\/en\/wp-json\/wp\/v2\/product"}],"about":[{"href":"https:\/\/www.madelspain.com\/en\/wp-json\/wp\/v2\/types\/product"}],"wp:featuredmedia":[{"embeddable":true,"href":"https:\/\/www.madelspain.com\/en\/wp-json\/wp\/v2\/media\/2277"}],"wp:attachment":[{"href":"https:\/\/www.madelspain.com\/en\/wp-json\/wp\/v2\/media?parent=2273"}],"wp:term":[{"taxonomy":"product_brand","embeddable":true,"href":"https:\/\/www.madelspain.com\/en\/wp-json\/wp\/v2\/product_brand?post=2273"},{"taxonomy":"product_cat","embeddable":true,"href":"https:\/\/www.madelspain.com\/en\/wp-json\/wp\/v2\/product_cat?post=2273"},{"taxonomy":"product_tag","embeddable":true,"href":"https:\/\/www.madelspain.com\/en\/wp-json\/wp\/v2\/product_tag?post=2273"}],"curies":[{"name":"wp","href":"https:\/\/api.w.org\/{rel}","templated":true}]}}