{"id":2832,"date":"2025-11-15T16:21:57","date_gmt":"2025-11-15T15:21:57","guid":{"rendered":"https:\/\/www.madelspain.com\/?post_type=product&#038;p=2832"},"modified":"2025-11-22T15:00:18","modified_gmt":"2025-11-22T14:00:18","slug":"jersey-punto-escote-bardot-alina","status":"publish","type":"product","link":"https:\/\/www.madelspain.com\/en\/product\/jersey-punto-escote-bardot-alina\/","title":{"rendered":"JERSEY PUNTO ESCOTE BARDOT ALINA"},"content":{"rendered":"<p>Jersey Alina de punto con escote bardot \u00b7 Disponible en talla \u00fanica. Da talla desde una 34 a una 38. Ocho colores en stock: gris (1), magenta (2), negro (3), marr\u00f3n chocolate (4), azul marino (5), rojo (6), beige (7) y topo (8). Tejido suave, c\u00f3modo y gustoso.<\/p>\n<p><strong>Size Guide<\/strong>: 48 cms de sisa, 48 cms de ancho total y 51 cms de largo total. *<em>Las medidas han sido tomadas de costura a costura. Para obtener el contorno, es necesario multiplicarlas por 2.*<\/em><\/p>","protected":false},"excerpt":{"rendered":"<p>Jersey Alina de punto con escote bardot \u00b7 Disponible en talla \u00fanica. Da talla desde una 34 a una 38. Ocho colores en stock: gris (1), magenta (2), negro (3), marr\u00f3n chocolate (4), azul marino (5), rojo (6), beige (7) y topo (8). Tejido suave, c\u00f3modo y gustoso. Medidas: 48 cms de sisa, 48 cms [&hellip;]<\/p>\n","protected":false},"featured_media":2839,"template":"","meta":{"_acf_changed":false},"product_brand":[],"product_cat":[28,39,19],"product_tag":[],"class_list":{"0":"post-2832","1":"product","2":"type-product","3":"status-publish","4":"has-post-thumbnail","6":"product_cat-coleccion-casual","7":"product_cat-jerseis-y-cardigans","8":"product_cat-ropa","10":"first","11":"instock","12":"sale","13":"taxable","14":"shipping-taxable","15":"purchasable","16":"product-type-variable"},"acf":[],"_links":{"self":[{"href":"https:\/\/www.madelspain.com\/en\/wp-json\/wp\/v2\/product\/2832","targetHints":{"allow":["GET"]}}],"collection":[{"href":"https:\/\/www.madelspain.com\/en\/wp-json\/wp\/v2\/product"}],"about":[{"href":"https:\/\/www.madelspain.com\/en\/wp-json\/wp\/v2\/types\/product"}],"wp:featuredmedia":[{"embeddable":true,"href":"https:\/\/www.madelspain.com\/en\/wp-json\/wp\/v2\/media\/2839"}],"wp:attachment":[{"href":"https:\/\/www.madelspain.com\/en\/wp-json\/wp\/v2\/media?parent=2832"}],"wp:term":[{"taxonomy":"product_brand","embeddable":true,"href":"https:\/\/www.madelspain.com\/en\/wp-json\/wp\/v2\/product_brand?post=2832"},{"taxonomy":"product_cat","embeddable":true,"href":"https:\/\/www.madelspain.com\/en\/wp-json\/wp\/v2\/product_cat?post=2832"},{"taxonomy":"product_tag","embeddable":true,"href":"https:\/\/www.madelspain.com\/en\/wp-json\/wp\/v2\/product_tag?post=2832"}],"curies":[{"name":"wp","href":"https:\/\/api.w.org\/{rel}","templated":true}]}}